{"id":3088,"date":"2021-12-21T12:47:51","date_gmt":"2021-12-21T11:47:51","guid":{"rendered":"http:\/\/dzsb.hr\/web\/o-nama-2\/"},"modified":"2024-01-03T14:57:30","modified_gmt":"2024-01-03T13:57:30","slug":"projekti","status":"publish","type":"page","link":"https:\/\/dzsb.hr\/web\/projekti\/","title":{"rendered":"EU projekti"},"content":{"rendered":"<section id=\"bt_bb_section6a059c2ea7980\" class=\"bt_bb_section bt_bb_color_scheme_1 bt_bb_layout_boxed_1200 bt_bb_vertical_align_top bt_bb_top_spacing_large bt_bb_bottom_spacing_large\" style=\"; --section-primary-color:#ffffff; --section-secondary-color:#1d1e21;\" data-bt-override-class=\"null\"><div class=\"bt_bb_port\"><div class=\"bt_bb_cell\"><div class=\"bt_bb_cell_inner\"><div class=\"bt_bb_row_wrapper\"><div  class=\"bt_bb_row\"  data-bt-override-class=\"{}\"><div  class=\"bt_bb_column col-xxl-12 col-xl-12 col-xs-12 col-sm-12 col-md-12 col-lg-12 bt_bb_vertical_align_middle bt_bb_align_center bt_bb_padding_normal bt_bb_animation_fade_in animate\"  data-width=\"12\" data-bt-override-class=\"{&quot;bt_bb_align_&quot;:{&quot;current_class&quot;:&quot;bt_bb_align_center&quot;,&quot;xxl&quot;:&quot;center&quot;,&quot;xl&quot;:&quot;center&quot;}}\"><div class=\"bt_bb_column_content\"><div class=\"bt_bb_column_content_inner\"><header class=\"bt_bb_headline bt_bb_dash_none bt_bb_size_extralarge bt_bb_align_inherit\" data-bt-override-class=\"{&quot;bt_bb_size_&quot;:{&quot;current_class&quot;:&quot;bt_bb_size_extralarge&quot;,&quot;xxl&quot;:&quot;extralarge&quot;,&quot;xl&quot;:&quot;extralarge&quot;},&quot;bt_bb_align_&quot;:{&quot;current_class&quot;:&quot;bt_bb_align_inherit&quot;,&quot;xxl&quot;:&quot;inherit&quot;,&quot;xl&quot;:&quot;inherit&quot;}}\"><h1 class=\"bt_bb_headline_tag\"><span class=\"bt_bb_headline_content\"><span>EU projekti<\/span><\/span><\/h1><\/header><div class=\"bt_bb_separator bt_bb_border_style_none bt_bb_bottom_spacing_normal\" data-bt-override-class=\"null\"><\/div><header class=\"bt_bb_headline bt_bb_dash_none bt_bb_subheadline bt_bb_size_extralarge bt_bb_align_inherit btNoHeadline\" style=\"max-width: 450px; margin: 0 auto;\" data-bt-override-class=\"{&quot;bt_bb_size_&quot;:{&quot;current_class&quot;:&quot;bt_bb_size_extralarge&quot;,&quot;xxl&quot;:&quot;extralarge&quot;,&quot;xl&quot;:&quot;extralarge&quot;},&quot;bt_bb_align_&quot;:{&quot;current_class&quot;:&quot;bt_bb_align_inherit&quot;,&quot;xxl&quot;:&quot;inherit&quot;,&quot;xl&quot;:&quot;inherit&quot;}}\"><div class=\"bt_bb_headline_subheadline\">Projekti ili partnerstva koje provodi Dom zdravlja Slavonski Brod<\/div><\/header><\/div><\/div><\/div><\/div><\/div><\/div><!-- cell_inner --><\/div><!-- cell --><\/div><!-- port --><\/section><section id=\"bt_bb_section6a059c2ea7ed6\" class=\"bt_bb_section bt_bb_layout_boxed_1200\"  data-bt-override-class=\"null\"><div class=\"bt_bb_port\"><div class=\"bt_bb_cell\"><div class=\"bt_bb_cell_inner\"><div class=\"bt_bb_row_wrapper\"><div  class=\"bt_bb_row\"  data-bt-override-class=\"{}\"><div  class=\"bt_bb_column col-xxl-12 col-xl-12 col-xs-12 col-sm-12 col-md-12 col-lg-12 bt_bb_vertical_align_top bt_bb_align_left bt_bb_padding_normal\"  data-width=\"12\" data-bt-override-class=\"{}\"><div class=\"bt_bb_column_content\"><div class=\"bt_bb_column_content_inner\"><div class=\"bt_bb_separator bt_bb_border_style_none bt_bb_bottom_spacing_normal bt_bb_hidden_xs bt_bb_hidden_ms bt_bb_hidden_sm\" data-bt-override-class=\"null\"><\/div><\/div><\/div><\/div><\/div><\/div><\/div><!-- cell_inner --><\/div><!-- cell --><\/div><!-- port --><\/section><section id=\"bt_bb_section6a059c2ea826f\" class=\"bt_bb_section bt_bb_color_scheme_8 bt_bb_layout_wide bt_bb_vertical_align_top bt_bb_top_spacing_medium bt_bb_bottom_spacing_medium\" style=\"; --section-primary-color:var(--alternate-color); --section-secondary-color:#ffffff;\" data-bt-override-class=\"null\"><div class=\"bt_bb_port\"><div class=\"bt_bb_cell\"><div class=\"bt_bb_cell_inner\"><div class=\"bt_bb_row_wrapper bt_bb_row_push_right bt_bb_content_wide bt_bb_row_width_boxed_1200\"><div  class=\"bt_bb_row\"  data-bt-override-class=\"{}\"><div  class=\"bt_bb_column col-xxl-8 col-xl-8 col-xs-12 col-sm-12 col-md-12 col-lg-8 bt_bb_vertical_align_middle bt_bb_align_left bt_bb_padding_normal bt_bb_animation_fade_in animate\"  data-width=\"8\" data-bt-override-class=\"{&quot;bt_bb_align_&quot;:{&quot;current_class&quot;:&quot;bt_bb_align_left&quot;,&quot;xxl&quot;:&quot;left&quot;,&quot;xl&quot;:&quot;left&quot;}}\"><div class=\"bt_bb_column_content\"><div class=\"bt_bb_column_content_inner\"><header class=\"bt_bb_headline bt_bb_dash_none bt_bb_size_large bt_bb_align_inherit\" data-bt-override-class=\"{&quot;bt_bb_size_&quot;:{&quot;current_class&quot;:&quot;bt_bb_size_large&quot;,&quot;xxl&quot;:&quot;large&quot;,&quot;xl&quot;:&quot;large&quot;},&quot;bt_bb_align_&quot;:{&quot;current_class&quot;:&quot;bt_bb_align_inherit&quot;,&quot;xxl&quot;:&quot;inherit&quot;,&quot;xl&quot;:&quot;inherit&quot;}}\"><h2 class=\"bt_bb_headline_tag\"><span class=\"bt_bb_headline_content\"><span>Razvoj zdravstvene usluge usmjerene pacijentu<\/span><\/span><\/h2><\/header><div class=\"bt_bb_separator bt_bb_border_style_none bt_bb_top_spacing_none bt_bb_bottom_spacing_small\" data-bt-override-class=\"{&quot;bt_bb_top_spacing_&quot;:{&quot;current_class&quot;:&quot;bt_bb_top_spacing_none&quot;,&quot;xxl&quot;:&quot;none&quot;,&quot;xl&quot;:&quot;none&quot;},&quot;bt_bb_bottom_spacing_&quot;:{&quot;current_class&quot;:&quot;bt_bb_bottom_spacing_small&quot;,&quot;xxl&quot;:&quot;small&quot;,&quot;xl&quot;:&quot;small&quot;}}\"><\/div><div data-bb-version=\"4.7.6\" class=\"bt_bb_image bt_bb_shape_square bt_bb_target_self bt_bb_align_inherit bt_bb_hover_style_simple bt_bb_content_display_always bt_bb_content_align_middle\" data-bt-override-class=\"{&quot;bt_bb_align_&quot;:{&quot;current_class&quot;:&quot;bt_bb_align_inherit&quot;,&quot;xxl&quot;:&quot;inherit&quot;},&quot;bt_bb_content_display_&quot;:{&quot;current_class&quot;:&quot;bt_bb_content_display_always&quot;,&quot;xxl&quot;:&quot;always&quot;}}\"><span><img loading=\"lazy\" decoding=\"async\" width=\"1200\" height=\"119\" src=\"https:\/\/dzsb.hr\/web\/wp-content\/uploads\/eu-lenta-dzsb.jpg\" class=\"attachment-full size-full\" alt=\"eu lenta\" data-full_image_src=\"https:\/\/dzsb.hr\/web\/wp-content\/uploads\/eu-lenta-dzsb.jpg\" title=\"eu-lenta-dzsb\" srcset=\"https:\/\/dzsb.hr\/web\/wp-content\/uploads\/eu-lenta-dzsb.jpg 1200w, https:\/\/dzsb.hr\/web\/wp-content\/uploads\/eu-lenta-dzsb-640x63.jpg 640w, https:\/\/dzsb.hr\/web\/wp-content\/uploads\/eu-lenta-dzsb-768x76.jpg 768w, https:\/\/dzsb.hr\/web\/wp-content\/uploads\/eu-lenta-dzsb-320x32.jpg 320w\" sizes=\"(max-width: 1200px) 100vw, 1200px\" \/><\/span><\/div><div class=\"bt_bb_separator bt_bb_border_style_none bt_bb_bottom_spacing_normal\" data-bt-override-class=\"null\"><\/div><div class=\"bt_bb_row_wrapper\"><div  class=\"bt_bb_row_inner\"  data-bt-override-class=\"{}\"><div  class=\"bt_bb_column_inner col-xxl-6 col-xl-6 col-xs-12 col-sm-12 col-md-12 col-lg-6 bt_bb_align_left bt_bb_vertical_align_top\"  data-width=\"6\" data-bt-override-class=\"{}\"><div class=\"bt_bb_column_inner_content\"><div  class=\"bt_bb_text\" ><p><strong>Naziv projekta:\u00a0<\/strong>Razvoj zdravstvene usluge usmjerene pacijentu<\/p>\n<p><strong>Broj ugovora<\/strong>: KK.08.1.1.02.0016<\/p>\n<p><strong>Fond<\/strong>: Europski fond za regionalni razvoj<\/p>\n<p><strong>Program potpore<\/strong>: Operativni program konkurentnost i kohezija<\/p>\n<p><strong>Korisnik projekta<\/strong>: Brodsko-posavska \u017eupanija<\/p>\n<p><strong>Partneri<\/strong>\u00a0<strong>projekta<\/strong>: Dom zdravlja Slavonski Brod, Dom zdravlja \u201eDr. Andrija \u0160tampar\u201c Nova Gradi\u0161ka<\/p>\n<p><strong>Razdoblje provedbe projekta<\/strong>: 11.6.2018. \u2013 11.6.2021.<\/p>\n<p><strong>Ukupna vrijednost projekta<\/strong>: 11.850.101,88 HRK<\/p>\n<p><strong>Iznos bespovratnih EU sredstava<\/strong>: 10.067.231,58 HRK<\/p>\n<p><strong>Iznos vlastitih sredstava<\/strong>: 1.776.570,30 HRK<\/p>\n<\/div><div class=\"bt_bb_separator bt_bb_border_style_none bt_bb_bottom_spacing_normal\" data-bt-override-class=\"null\"><\/div><div class=\"bt_bb_separator bt_bb_border_style_none bt_bb_bottom_spacing_normal bt_bb_hidden_md bt_bb_hidden_lg\" data-bt-override-class=\"null\"><\/div><\/div><\/div><div  class=\"bt_bb_column_inner col-xxl-6 col-xl-6 col-xs-12 col-sm-12 col-md-12 col-lg-6 bt_bb_align_left bt_bb_vertical_align_top\"  data-width=\"6\" data-bt-override-class=\"{}\"><div class=\"bt_bb_column_inner_content\"><div  class=\"bt_bb_text\" ><p>Projektom \u201eRazvoj zdravstvene usluge usmjerene pacijentu\u201c nastoje se pobolj\u0161ati postoje\u0107e i uvesti nove zdravstvene usluge koje pru\u017eaju domovi zdravlja i koncesionari u Brodsko-posavskoj \u017eupaniji.<\/p>\n<p>Tako\u0111er, osobama s invaliditetom i smanjenom pokretljivo\u0161\u0107u omogu\u0107ava se pobolj\u0161anje pristupa zdravstvenoj za\u0161titi, a svim korisnicima \/ pacijentima pru\u017eiti kvalitetnija zdravstvena za\u0161tita, osobito onih iz depriviranih podru\u010dja.<\/p>\n<p>Nabavom opreme za Dom zdravlja Slavonski Brod i Nova Gradi\u0161ka, ure\u0111enjem zdravstvenih objekata (vrijednosti 568.054,69 kuna) u Oku\u010danima, Starom Petrovom Selu i Davoru te dogradnjom pedijatrije u Slavonskom Brodu nastoji se smanjiti broj uputnica iz domova zdravlja u bolnice za najmanje 3%, a pacijentima br\u017ee ostvarenje zdravstvene za\u0161tite i pobolj\u0161anje kvalitete \u017eivota.<\/p>\n<\/div><div class=\"bt_bb_separator bt_bb_border_style_none bt_bb_bottom_spacing_medium bt_bb_hidden_md bt_bb_hidden_lg\" data-bt-override-class=\"null\"><\/div><\/div><\/div><\/div><\/div><div class=\"bt_bb_separator bt_bb_border_style_none bt_bb_bottom_spacing_normal\" data-bt-override-class=\"null\"><\/div><div class=\"bt_bb_button bt_bb_icon_position_left bt_bb_style_outline bt_bb_size_large bt_bb_width_inline bt_bb_shape_inherit bt_bb_target_self bt_bb_align_inherit btWithIcon\" data-bt-override-class=\"{&quot;bt_bb_size_&quot;:{&quot;current_class&quot;:&quot;bt_bb_size_large&quot;,&quot;xxl&quot;:&quot;large&quot;,&quot;xl&quot;:&quot;large&quot;},&quot;bt_bb_align_&quot;:{&quot;current_class&quot;:&quot;bt_bb_align_inherit&quot;,&quot;xxl&quot;:&quot;inherit&quot;,&quot;xl&quot;:&quot;inherit&quot;}}\"><a href=\"http:\/\/dzsb.hr\/web\/razvoj-zdravstvene-usluge-usmjerene-pacijentu\/\" target=\"_self\" class=\"bt_bb_link\" title=\"Vi\u0161e informacija\"><span class=\"bt_bb_button_text\" >Vi\u0161e informacija<\/span><span  data-ico-fontawesome=\"&#xf05a;\" class=\"bt_bb_icon_holder\"><\/span><\/a><\/div><div class=\"bt_bb_separator bt_bb_border_style_none bt_bb_bottom_spacing_normal\" data-bt-override-class=\"null\"><\/div><div  class=\"bt_bb_text\" ><p><strong>\u00a0Projekt je financirala Europska unija iz Europskog fonda za regionalni razvoj. Za vi\u0161e informacija o strukturnim fondovima pogledajte <a href=\"http:\/\/www.strukturnifondovi.hr\">www.strukturnifondovi.hr<\/a>.<\/strong><\/p>\n<\/div><\/div><\/div><\/div><div  class=\"bt_bb_column col-xxl-4 col-xl-4 col-xs-12 col-sm-12 col-md-12 col-lg-4 bt_bb_vertical_align_top bt_bb_align_left bt_bb_padding_normal bt_bb_animation_fade_in animate\"  data-width=\"4\" data-bt-override-class=\"{&quot;bt_bb_align_&quot;:{&quot;current_class&quot;:&quot;bt_bb_align_left&quot;,&quot;xxl&quot;:&quot;left&quot;,&quot;xl&quot;:&quot;left&quot;}}\"><div class=\"bt_bb_column_content\"><div class=\"bt_bb_column_content_inner\"><div class=\"bt_bb_image bt_bb_shape_square bt_bb_target_self bt_bb_align_inherit bt_bb_hover_style_simple bt_bb_content_display_always bt_bb_content_align_middle\" data-bt-override-class=\"{&quot;bt_bb_align_&quot;:{&quot;current_class&quot;:&quot;bt_bb_align_inherit&quot;,&quot;xxl&quot;:&quot;inherit&quot;,&quot;xl&quot;:&quot;inherit&quot;}}\"><span><img loading=\"lazy\" decoding=\"async\" width=\"1000\" height=\"1000\" src=\"https:\/\/dzsb.hr\/web\/wp-content\/uploads\/inner_image_08.jpg\" class=\"attachment-full size-full\" alt=\"https:\/\/dzsb.hr\/web\/wp-content\/uploads\/inner_image_08.jpg\" data-full_image_src=\"https:\/\/dzsb.hr\/web\/wp-content\/uploads\/inner_image_08.jpg\" title=\"inner_image_08\" srcset=\"https:\/\/dzsb.hr\/web\/wp-content\/uploads\/inner_image_08.jpg 1000w, https:\/\/dzsb.hr\/web\/wp-content\/uploads\/inner_image_08-640x640.jpg 640w, https:\/\/dzsb.hr\/web\/wp-content\/uploads\/inner_image_08-160x160.jpg 160w, https:\/\/dzsb.hr\/web\/wp-content\/uploads\/inner_image_08-768x768.jpg 768w, https:\/\/dzsb.hr\/web\/wp-content\/uploads\/inner_image_08-320x320.jpg 320w\" sizes=\"(max-width: 1000px) 100vw, 1000px\" \/><\/span><\/div><\/div><\/div><\/div><\/div><\/div><\/div><!-- cell_inner --><\/div><!-- cell --><\/div><!-- port --><\/section><section id=\"bt_bb_section6a059c2eaa021\" class=\"bt_bb_section bt_bb_color_scheme_8 bt_bb_layout_boxed_1200 bt_bb_vertical_align_top bt_bb_top_spacing_large bt_bb_bottom_spacing_large\" style=\"; --section-primary-color:var(--alternate-color); --section-secondary-color:#ffffff;\" data-bt-override-class=\"{&quot;bt_bb_top_spacing_&quot;:{&quot;current_class&quot;:&quot;bt_bb_top_spacing_large&quot;,&quot;xxl&quot;:&quot;large&quot;,&quot;xl&quot;:&quot;large&quot;},&quot;bt_bb_bottom_spacing_&quot;:{&quot;current_class&quot;:&quot;bt_bb_bottom_spacing_large&quot;,&quot;xxl&quot;:&quot;large&quot;,&quot;xl&quot;:&quot;large&quot;}}\"><div class=\"bt_bb_port\"><div class=\"bt_bb_cell\"><div class=\"bt_bb_cell_inner\"><div class=\"bt_bb_row_wrapper\"><div  class=\"bt_bb_row\"  data-bt-override-class=\"{}\"><div  class=\"bt_bb_column col-xxl-6 col-xl-6 col-xs-12 col-sm-12 col-md-12 col-lg-6 bt_bb_vertical_align_top bt_bb_align_left bt_bb_padding_normal bt_bb_animation_fade_in animate\"  data-width=\"6\" data-bt-override-class=\"{&quot;bt_bb_align_&quot;:{&quot;current_class&quot;:&quot;bt_bb_align_left&quot;,&quot;xxl&quot;:&quot;left&quot;,&quot;xl&quot;:&quot;left&quot;}}\"><div class=\"bt_bb_column_content\"><div class=\"bt_bb_column_content_inner\"><div data-bb-version=\"4.7.6\" class=\"bt_bb_image bt_bb_shape_square bt_bb_target_self bt_bb_align_inherit bt_bb_hover_style_simple bt_bb_content_display_always bt_bb_content_align_middle\" data-bt-override-class=\"{&quot;bt_bb_align_&quot;:{&quot;current_class&quot;:&quot;bt_bb_align_inherit&quot;,&quot;xxl&quot;:&quot;inherit&quot;},&quot;bt_bb_content_display_&quot;:{&quot;current_class&quot;:&quot;bt_bb_content_display_always&quot;,&quot;xxl&quot;:&quot;always&quot;}}\"><span><img loading=\"lazy\" decoding=\"async\" width=\"1000\" height=\"2000\" src=\"https:\/\/dzsb.hr\/web\/wp-content\/uploads\/strucnim-usavrsavanjem-doktora-obiteljske-medicine.jpg\" class=\"attachment-full size-full\" alt=\"https:\/\/dzsb.hr\/web\/wp-content\/uploads\/strucnim-usavrsavanjem-doktora-obiteljske-medicine.jpg\" data-full_image_src=\"https:\/\/dzsb.hr\/web\/wp-content\/uploads\/strucnim-usavrsavanjem-doktora-obiteljske-medicine.jpg\" title=\"strucnim-usavrsavanjem-doktora-obiteljske-medicine\" srcset=\"https:\/\/dzsb.hr\/web\/wp-content\/uploads\/strucnim-usavrsavanjem-doktora-obiteljske-medicine.jpg 1000w, https:\/\/dzsb.hr\/web\/wp-content\/uploads\/strucnim-usavrsavanjem-doktora-obiteljske-medicine-640x1280.jpg 640w, https:\/\/dzsb.hr\/web\/wp-content\/uploads\/strucnim-usavrsavanjem-doktora-obiteljske-medicine-768x1536.jpg 768w, https:\/\/dzsb.hr\/web\/wp-content\/uploads\/strucnim-usavrsavanjem-doktora-obiteljske-medicine-320x640.jpg 320w\" sizes=\"(max-width: 1000px) 100vw, 1000px\" \/><\/span><\/div><div class=\"bt_bb_separator bt_bb_border_style_none bt_bb_bottom_spacing_medium\" data-bt-override-class=\"null\"><\/div><\/div><\/div><\/div><div  class=\"bt_bb_column col-xxl-6 col-xl-6 col-xs-12 col-sm-12 col-md-12 col-lg-6 bt_bb_vertical_align_middle bt_bb_align_left bt_bb_padding_normal bt_bb_animation_fade_in animate\"  data-width=\"6\" data-bt-override-class=\"{&quot;bt_bb_align_&quot;:{&quot;current_class&quot;:&quot;bt_bb_align_left&quot;,&quot;xxl&quot;:&quot;left&quot;,&quot;xl&quot;:&quot;left&quot;}}\"><div class=\"bt_bb_column_content\"><div class=\"bt_bb_column_content_inner\"><header class=\"bt_bb_headline bt_bb_dash_none bt_bb_size_medium bt_bb_align_inherit\" data-bt-override-class=\"{&quot;bt_bb_size_&quot;:{&quot;current_class&quot;:&quot;bt_bb_size_medium&quot;,&quot;xxl&quot;:&quot;medium&quot;,&quot;xl&quot;:&quot;medium&quot;},&quot;bt_bb_align_&quot;:{&quot;current_class&quot;:&quot;bt_bb_align_inherit&quot;,&quot;xxl&quot;:&quot;inherit&quot;,&quot;xl&quot;:&quot;inherit&quot;}}\"><h4 class=\"bt_bb_headline_tag\"><span class=\"bt_bb_headline_content\"><span>Stru\u010dno usavr\u0161avanje doktora obiteljske medicine do pove\u0107anja kvalitete zdravstvene za\u0161tite<\/span><\/span><\/h4><\/header><div class=\"bt_bb_image bt_bb_shape_square bt_bb_target_self bt_bb_align_inherit bt_bb_hover_style_simple bt_bb_content_display_always bt_bb_content_align_middle\" data-bt-override-class=\"{&quot;bt_bb_align_&quot;:{&quot;current_class&quot;:&quot;bt_bb_align_inherit&quot;,&quot;xxl&quot;:&quot;inherit&quot;,&quot;xl&quot;:&quot;inherit&quot;}}\"><span><img loading=\"lazy\" decoding=\"async\" width=\"703\" height=\"213\" src=\"https:\/\/dzsb.hr\/web\/wp-content\/uploads\/eu-lenta.png\" class=\"attachment-full size-full\" alt=\"https:\/\/dzsb.hr\/web\/wp-content\/uploads\/eu-lenta.png\" data-full_image_src=\"https:\/\/dzsb.hr\/web\/wp-content\/uploads\/eu-lenta.png\" title=\"eu-lenta\" srcset=\"https:\/\/dzsb.hr\/web\/wp-content\/uploads\/eu-lenta.png 703w, https:\/\/dzsb.hr\/web\/wp-content\/uploads\/eu-lenta-640x194.png 640w, https:\/\/dzsb.hr\/web\/wp-content\/uploads\/eu-lenta-320x97.png 320w\" sizes=\"(max-width: 703px) 100vw, 703px\" \/><\/span><\/div><div class=\"bt_bb_separator bt_bb_border_style_none bt_bb_bottom_spacing_medium\" data-bt-override-class=\"null\"><\/div><div class=\"bt_bb_row_wrapper\"><div  class=\"bt_bb_row_inner\"  data-bt-override-class=\"{}\"><div  class=\"bt_bb_column_inner col-xxl-6 col-xl-6 col-xs-12 col-sm-6 col-md-6 col-lg-6 bt_bb_align_left bt_bb_vertical_align_top\"  data-width=\"6\" data-bt-override-class=\"{}\"><div class=\"bt_bb_column_inner_content\"><div class=\"bt_bb_separator bt_bb_border_style_none bt_bb_bottom_spacing_extra_small\" data-bt-override-class=\"null\"><\/div><div  class=\"bt_bb_text\" ><p><strong>Broj ugovora<\/strong>: UP.02.2.1.02.0081<\/p>\n<p><strong>Fond<\/strong>: Europski socijalni fond<\/p>\n<p><strong>Program potpore<\/strong>: Operativni program u\u010dinkoviti ljudski potencijali<\/p>\n<p><strong>Korisnik projekta<\/strong>: Dom zdravlja Slavonski Brod<\/p>\n<p><strong>Razdoblje provedbe projekta<\/strong>: 05.09.2018. \u2013 31.12.2023.<\/p>\n<p><strong>Ukupna vrijednost projekta<\/strong>: 3.322.545,59 HRK<\/p>\n<p><strong>Iznos bespovratnih EU sredstava<\/strong>: 3.322.545,59 HRK<\/p>\n<\/div><div class=\"bt_bb_separator bt_bb_border_style_none bt_bb_bottom_spacing_normal\" data-bt-override-class=\"null\"><\/div><\/div><\/div><div  class=\"bt_bb_column_inner col-xxl-6 col-xl-6 col-xs-12 col-sm-6 col-md-6 col-lg-6 bt_bb_align_left bt_bb_vertical_align_top\"  data-width=\"6\" data-bt-override-class=\"{}\"><div class=\"bt_bb_column_inner_content\"><div class=\"bt_bb_separator bt_bb_border_style_none bt_bb_bottom_spacing_extra_small\" data-bt-override-class=\"null\"><\/div><div  class=\"bt_bb_text\" ><p>Projektom &#8220;Stru\u010dnim usavr\u0161avanjem doktora obiteljske medicine do pove\u0107anja kvalitete zdravstvene za\u0161tite&#8221; omogu\u0107it \u0107e se tri specijalizacije iz obiteljske medicine \u0161to \u0107e dovesti do ja\u010danja i boljeg kori\u0161tenja ljudskih resursa u primarnoj zdravstvenoj za\u0161titi te bolje dostupnosti zdravstvene za\u0161tite u depriviranim podru\u010djima Brodsko-posavske \u017eupanije. Specijalizacija lije\u010dnika obiteljske medicine (3) dovest \u0107e do pove\u0107anja broja lije\u010dnika te ja\u010danja i boljeg kori\u0161tenja ljudskih resursa u Domu zdravlja Slavonski Brod. Ukupna vrijednost projekta, kao i iznos bespovratnih sredstava iznosi 3.322.545,59 kuna.<\/p>\n<\/div><div class=\"bt_bb_separator bt_bb_border_style_none bt_bb_bottom_spacing_normal\" data-bt-override-class=\"null\"><\/div><\/div><\/div><\/div><\/div><div class=\"bt_bb_separator bt_bb_border_style_none bt_bb_bottom_spacing_normal\" data-bt-override-class=\"null\"><\/div><div class=\"bt_bb_button bt_bb_icon_position_left bt_bb_style_outline bt_bb_size_large bt_bb_width_inline bt_bb_shape_inherit bt_bb_target_self bt_bb_align_inherit btWithIcon\" data-bt-override-class=\"{&quot;bt_bb_size_&quot;:{&quot;current_class&quot;:&quot;bt_bb_size_large&quot;,&quot;xxl&quot;:&quot;large&quot;,&quot;xl&quot;:&quot;large&quot;},&quot;bt_bb_align_&quot;:{&quot;current_class&quot;:&quot;bt_bb_align_inherit&quot;,&quot;xxl&quot;:&quot;inherit&quot;,&quot;xl&quot;:&quot;inherit&quot;}}\"><a href=\"http:\/\/dzsb.hr\/web\/strucnim-usavrsavanjem-doktora-obiteljske-medicine-do-povecanja-kvalitete-zdravstvene-zastite\/\" target=\"_self\" class=\"bt_bb_link\" title=\"Vi\u0161e informacija\"><span class=\"bt_bb_button_text\" >Vi\u0161e informacija<\/span><span  data-ico-fontawesome=\"&#xf05a;\" class=\"bt_bb_icon_holder\"><\/span><\/a><\/div><div class=\"bt_bb_separator bt_bb_border_style_none bt_bb_bottom_spacing_normal\" data-bt-override-class=\"null\"><\/div><div  class=\"bt_bb_text\" ><p><strong>Projekt je financirala Europska unija iz Europskog fonda za regionalni razvoj. Za vi\u0161e informacija o strukturnim fondovima pogledajte <a href=\"http:\/\/www.strukturnifondovi.hr\">www.strukturnifondovi.hr<\/a>.<\/strong><\/p>\n<\/div><\/div><\/div><\/div><\/div><\/div><\/div><!-- cell_inner --><\/div><!-- cell --><\/div><!-- port --><\/section><section id=\"bt_bb_section6a059c2eab4f7\" class=\"bt_bb_section bt_bb_layout_boxed_1200 bt_bb_vertical_align_top bt_bb_top_spacing_large bt_bb_bottom_spacing_large\"  data-bt-override-class=\"{&quot;bt_bb_top_spacing_&quot;:{&quot;current_class&quot;:&quot;bt_bb_top_spacing_large&quot;,&quot;xxl&quot;:&quot;large&quot;,&quot;xl&quot;:&quot;large&quot;},&quot;bt_bb_bottom_spacing_&quot;:{&quot;current_class&quot;:&quot;bt_bb_bottom_spacing_large&quot;,&quot;xxl&quot;:&quot;large&quot;,&quot;xl&quot;:&quot;large&quot;}}\"><div class=\"bt_bb_port\"><div class=\"bt_bb_cell\"><div class=\"bt_bb_cell_inner\"><div class=\"bt_bb_row_wrapper\"><div  class=\"bt_bb_row\"  data-bt-override-class=\"{}\"><div  class=\"bt_bb_column col-xxl-12 col-xl-12 col-xs-12 col-sm-12 col-md-12 col-lg-12 bt_bb_vertical_align_top bt_bb_align_left bt_bb_padding_normal\"  data-width=\"12\" data-bt-override-class=\"{}\"><div class=\"bt_bb_column_content\"><div class=\"bt_bb_column_content_inner\"><header class=\"bt_bb_headline bt_bb_dash_none bt_bb_size_large bt_bb_align_inherit\" data-bt-override-class=\"{&quot;bt_bb_size_&quot;:{&quot;current_class&quot;:&quot;bt_bb_size_large&quot;,&quot;xxl&quot;:&quot;large&quot;,&quot;xl&quot;:&quot;large&quot;},&quot;bt_bb_align_&quot;:{&quot;current_class&quot;:&quot;bt_bb_align_inherit&quot;,&quot;xxl&quot;:&quot;inherit&quot;,&quot;xl&quot;:&quot;inherit&quot;}}\"><h3 class=\"bt_bb_headline_tag\"><span class=\"bt_bb_headline_content\"><span>Novosti vezane uz EU projekte u provedbi ili partnerstvu<\/span><\/span><\/h3><\/header><div class=\"bt_bb_separator bt_bb_border_style_none bt_bb_top_spacing_none bt_bb_bottom_spacing_small\" data-bt-override-class=\"{&quot;bt_bb_top_spacing_&quot;:{&quot;current_class&quot;:&quot;bt_bb_top_spacing_none&quot;,&quot;xxl&quot;:&quot;none&quot;,&quot;xl&quot;:&quot;none&quot;},&quot;bt_bb_bottom_spacing_&quot;:{&quot;current_class&quot;:&quot;bt_bb_bottom_spacing_small&quot;,&quot;xxl&quot;:&quot;small&quot;,&quot;xl&quot;:&quot;small&quot;}}\"><\/div><div class=\"bt_bb_latest_posts bt_bb_columns_3 bt_bb_gap_normal\"><div class=\"bt_bb_latest_posts_item\"><div class=\"bt_bb_latest_posts_item_inner\"><div class=\"bt_bb_latest_posts_item_image\"><a href=\"https:\/\/dzsb.hr\/web\/razvoj-zdravstvene-usluge-usmjerene-pacijentu\/\" target=\"_self\"><img decoding=\"async\" src=\"https:\/\/dzsb.hr\/web\/wp-content\/plugins\/bold-page-builder\/img\/blank.gif\" alt=\"Razvoj zdravstvene usluge usmjerene pacijentu\" title=\"Razvoj zdravstvene usluge usmjerene pacijentu\" class=\"btLazyLoadImage\"  data-image_src=\"https:\/\/dzsb.hr\/web\/wp-content\/uploads\/domzdravlja-sb-lokacija-720x450.jpg\" ><\/a><\/div><div class=\"bt_bb_latest_posts_item_content\"><div class=\"bt_bb_latest_posts_item_meta\"><span class=\"bt_bb_latest_posts_item_date\">12.11.2020.<\/span><\/div><h5 class=\"bt_bb_latest_posts_item_title\"><a href=\"https:\/\/dzsb.hr\/web\/razvoj-zdravstvene-usluge-usmjerene-pacijentu\/\" target=\"_self\">Razvoj zdravstvene usluge usmjerene pacijentu<\/a><\/h5><div class=\"bt_bb_latest_posts_read_more\"><a href=\"https:\/\/dzsb.hr\/web\/razvoj-zdravstvene-usluge-usmjerene-pacijentu\/\" target=\"_self\"><span>Op\u0161irnije<\/span><\/a><\/div><\/div> <!-- \/bt_bb_latest_posts_item_content --><\/div> <!-- \/bt_bb_latest_posts_item_inner --><\/div> <!-- \/bt_bb_latest_posts_item  --><\/div><\/div><\/div><\/div><\/div><\/div><\/div><!-- cell_inner --><\/div><!-- cell --><\/div><!-- port --><\/section>","protected":false},"excerpt":{"rendered":"","protected":false},"author":1,"featured_media":8,"parent":0,"menu_order":0,"comment_status":"closed","ping_status":"closed","template":"","meta":{"footnotes":""},"_links":{"self":[{"href":"https:\/\/dzsb.hr\/web\/wp-json\/wp\/v2\/pages\/3088"}],"collection":[{"href":"https:\/\/dzsb.hr\/web\/wp-json\/wp\/v2\/pages"}],"about":[{"href":"https:\/\/dzsb.hr\/web\/wp-json\/wp\/v2\/types\/page"}],"author":[{"embeddable":true,"href":"https:\/\/dzsb.hr\/web\/wp-json\/wp\/v2\/users\/1"}],"replies":[{"embeddable":true,"href":"https:\/\/dzsb.hr\/web\/wp-json\/wp\/v2\/comments?post=3088"}],"version-history":[{"count":25,"href":"https:\/\/dzsb.hr\/web\/wp-json\/wp\/v2\/pages\/3088\/revisions"}],"predecessor-version":[{"id":5195,"href":"https:\/\/dzsb.hr\/web\/wp-json\/wp\/v2\/pages\/3088\/revisions\/5195"}],"wp:featuredmedia":[{"embeddable":true,"href":"https:\/\/dzsb.hr\/web\/wp-json\/"}],"wp:attachment":[{"href":"https:\/\/dzsb.hr\/web\/wp-json\/wp\/v2\/media?parent=3088"}],"curies":[{"name":"wp","href":"https:\/\/api.w.org\/{rel}","templated":true}]}}