{"id":3112,"date":"2021-12-29T12:33:14","date_gmt":"2021-12-29T11:33:14","guid":{"rendered":"http:\/\/dzsb.hr\/web\/izjava-o-pristupacnosti-2\/"},"modified":"2022-09-13T05:44:19","modified_gmt":"2022-09-13T03:44:19","slug":"pravila-privatnosti","status":"publish","type":"page","link":"https:\/\/dzsb.hr\/web\/pravila-privatnosti\/","title":{"rendered":"Pravila privatnosti"},"content":{"rendered":"<section id=\"bt_bb_section69ea5c807c597\" class=\"bt_bb_section bt_bb_layout_boxed_1200\"  data-bt-override-class=\"null\"><div class=\"bt_bb_port\"><div class=\"bt_bb_cell\"><div class=\"bt_bb_cell_inner\"><div class=\"bt_bb_row_wrapper\"><div  class=\"bt_bb_row\"  data-bt-override-class=\"{}\"><div  class=\"bt_bb_column col-xxl-12 col-xl-12 col-xs-12 col-sm-12 col-md-12 col-lg-12 bt_bb_vertical_align_top bt_bb_align_left bt_bb_padding_normal\"  data-width=\"12\" data-bt-override-class=\"{}\"><div class=\"bt_bb_column_content\"><div class=\"bt_bb_column_content_inner\"><div class=\"bt_bb_separator bt_bb_border_style_none bt_bb_bottom_spacing_normal\" data-bt-override-class=\"null\"><\/div><\/div><\/div><\/div><\/div><\/div><\/div><!-- cell_inner --><\/div><!-- cell --><\/div><!-- port --><\/section><section id=\"bt_bb_section69ea5c807c964\" class=\"bt_bb_section bt_bb_color_scheme_17 bt_bb_layout_boxed_1600 bt_bb_vertical_align_top bt_bb_top_spacing_medium bt_bb_bottom_spacing_large\" style=\"; --section-primary-color:var(--alternate-color); --section-secondary-color:#f3f3f3;\" data-bt-override-class=\"{&quot;bt_bb_top_spacing_&quot;:{&quot;current_class&quot;:&quot;bt_bb_top_spacing_medium&quot;,&quot;xxl&quot;:&quot;medium&quot;,&quot;xl&quot;:&quot;medium&quot;},&quot;bt_bb_bottom_spacing_&quot;:{&quot;current_class&quot;:&quot;bt_bb_bottom_spacing_large&quot;,&quot;xxl&quot;:&quot;large&quot;,&quot;xl&quot;:&quot;large&quot;}}\"><div class=\"bt_bb_port\"><div class=\"bt_bb_cell\"><div class=\"bt_bb_cell_inner\"><div class=\"bt_bb_row_wrapper\"><div  class=\"bt_bb_row\"  data-bt-override-class=\"{}\"><div  class=\"bt_bb_column col-xxl-12 col-xl-12 col-xs-12 col-sm-12 col-md-12 col-lg-12 bt_bb_vertical_align_top bt_bb_align_left bt_bb_padding_normal bt_bb_animation_fade_in animate\"  data-width=\"12\" data-bt-override-class=\"{&quot;bt_bb_align_&quot;:{&quot;current_class&quot;:&quot;bt_bb_align_left&quot;,&quot;xxl&quot;:&quot;left&quot;,&quot;xl&quot;:&quot;left&quot;},&quot;bt_bb_padding_&quot;:{&quot;current_class&quot;:&quot;bt_bb_padding_normal&quot;,&quot;xxl&quot;:&quot;normal&quot;,&quot;xl&quot;:&quot;normal&quot;}}\"><div class=\"bt_bb_column_content\"><div class=\"bt_bb_column_content_inner\"><header class=\"bt_bb_headline bt_bb_dash_none bt_bb_size_normal bt_bb_align_left\" data-bt-override-class=\"{&quot;bt_bb_size_&quot;:{&quot;current_class&quot;:&quot;bt_bb_size_normal&quot;,&quot;xxl&quot;:&quot;normal&quot;,&quot;xl&quot;:&quot;normal&quot;},&quot;bt_bb_align_&quot;:{&quot;current_class&quot;:&quot;bt_bb_align_left&quot;,&quot;xxl&quot;:&quot;left&quot;,&quot;xl&quot;:&quot;left&quot;}}\"><h1 class=\"bt_bb_headline_tag\"><span class=\"bt_bb_headline_content\"><span>Pravila privatnosti<\/span><\/span><\/h1><\/header><div class=\"bt_bb_separator bt_bb_border_style_none bt_bb_top_spacing_none bt_bb_bottom_spacing_normal\" data-bt-override-class=\"{&quot;bt_bb_top_spacing_&quot;:{&quot;current_class&quot;:&quot;bt_bb_top_spacing_none&quot;,&quot;xxl&quot;:&quot;none&quot;,&quot;xl&quot;:&quot;none&quot;},&quot;bt_bb_bottom_spacing_&quot;:{&quot;current_class&quot;:&quot;bt_bb_bottom_spacing_normal&quot;,&quot;xxl&quot;:&quot;normal&quot;,&quot;xl&quot;:&quot;normal&quot;}}\"><\/div><div  class=\"bt_bb_text\" ><p>Dom zdravlja Slavonski Brod nastoji osigurati pristupac\u030cnost svoje mrez\u030cne stranice u skladu sa \u200bZakonom o pristupac\u030cnosti mrez\u030cnih stranica i programskih rjes\u030cenja za pokretne ure\u0111aje tijela javnog sektora (\u201eNarodne novine\u201c, broj 17\/19; dalje u tekstu: \u201cZakon\u201d) od 23. rujna 2019., kojim se u nacionalno zakonodavstvo implementira \u200bDirektiva (EU) 2016\/2102 Europskog parlamenta i Vijec\u0301a od 26. listopada 2016. o pristupac\u030cnosti internetskih stranica i mobilnih aplikacija tijela javnog sektora\u200b.<br \/>\nOva Izjava o pristupac\u030cnosti mrez\u030cnih stranica odnosi se na mrez\u030cnu stranicu \u2013 mrez\u030cno sjedis\u030cte Doma zdravlja Slavonski Brod koje se nalazi na adresi: \u200bDom zdravlja Slavonski Brod\u200b.<br \/>\nStatus uskla\u0111enosti:<br \/>\nMre\u017ena stranica \u200bDoma zdravlja Slavonski Brod na adresi: \u200bDom zdravlja Slavonski Brod ve\u0107im je dijelom uskla\u0111ena sa \u200bZakonom\u200b.<\/p>\n<p><strong>Nepristupa\u010dan sadr\u017eaj:<\/strong><\/p>\n<p>Iznimke od uskla\u0111enosti sa \u200bZakonom prema \u010detiri op\u0107a zahtjeva za osiguranje pristupa\u010dnosti: mogu\u0107nost opa\u017eanja, operabilnost, razumljivost i stabilnost odre\u0111enih \u010dlankom 6., a u svezi s \u010dlanka 8. i 9. \u200bZakona\u200b o\u010dituju se u sljede\u0107em:<br \/>\n\u25cf Mre\u017ene stranice nemaju mogu\u0107nost jednostavnog mijenjanja vrste fonta u font pogodan za osobe s disleksijom;<br \/>\n\u25cf Dio objavljenih dokumenata, nisu \u010ditljivi \u010dita\u010dima ekrana jer su ponu\u0111eni u slikovnom obliku koji \u010dita\u010di ekrana ne mogu pro\u010ditati<br \/>\n\u25cf Slike nemaju tekstualni opis jer trenutna funkcionalnost sustava za objavu stranica unutar navedenog mre\u017enog sjedi\u0161ta to ne podr\u017eava;<br \/>\n\u25cf Ne postoji opcija promjena kontrasta na stranici<\/p>\n<p>Tehni\u010dka ograni\u010denja sustava za objavu stranica onemogu\u0107avaju postizanje potpune uskla\u0111enosti mre\u017ene stranice sa \u200bZakonom\u200b, \u0161to se o\u010dituje u ote\u017eanom kretanju osoba s invaliditetom mre\u017enom stranicom zbog kompleksnosti stranica i podstranica, u ograni\u010denom broju mogu\u0107ih na\u010dina pretra\u017eivanja i slo\u017eenim postupcima pri unosu materijala.<\/p>\n<p>Naprijed navedeni nepristupa\u010dan sadr\u017eaj rezultat je trenutne funkcionalnosti sustava za objavu stranica unutar navedenog mre\u017enog sjedi\u0161ta koji trenutno ne podr\u017eava isti.<\/p>\n<p>Podizanje razine pristupa\u010dnosti:<br \/>\nDom zdravlja Slavonski Brod radi na otklanjanju uo\u010denih neuskla\u0111enosti sa \u200bZakonom sve to kako bi se smanjila djelomi\u010dna neuskla\u0111enost, a posljedi\u010dno tome i kako bi se omogu\u0107ilo svim osobama, osobito osobama s odre\u0111enim invaliditetom, starijim osobama ili osobama s odre\u0111enim smetnjama u percepciji ili drugim zdravstvenim pote\u0161ko\u0107ama (motori\u010dke pote\u0161ko\u0107e, pote\u0161ko\u0107e vida, slabovidnost, sljepo\u0107a i sl. kod osoba koje koriste \u010dita\u010de ekrana i sl.) koje nisu u mogu\u0107nosti redovito koristiti se na\u0161im mre\u017enim stranicama, nesmetano koristiti mre\u017ene stranice i usluge Doma zdravlja Slavonski Brod na jednostavan i prakti\u010dan, vidljiv, jasan i razumljiv na\u010din.<\/p>\n<p>S obzirom da postoje\u0107i sustav nije mogu\u0107e nadograditi u mjeri kojom bi naprijed navedene neuskla\u0111enosti sa \u200bZakonom bile otklonjene, Dom zdravlja Slavonski Brod \u0107e rekonstruirati i izmijeniti postoje\u0107u mre\u017enu stranicu te a\u017eurirati sadr\u017eaj mre\u017ene stranice kada i ako za to budu osigurani neophodni uvjeti, a sve u skladu s preporukama za unapre\u0111enje pristupa\u010dnosti mre\u017enom stranicom i s ciljem postizanja potpune uskla\u0111enosti sa \u200bZakonom\u200b.<\/p>\n<p>U daljnjim nadogradnjama mre\u017ene stranice implementirat \u0107e se preporuke za unaprje\u0111enje pristupa\u010dnosti i nastojati podi\u0107i razina pristupa\u010dnosti u najve\u0107oj mogu\u0107oj mjeri, a tome \u0107e pridonijeti i osposobljavanje djelatnika za izradu, vo\u0111enje i odr\u017eavanje sadr\u017eaja mre\u017enih stranica i programskih rje\u0161enja za pokretne ure\u0111aje u skladu sa Zakonom o pristupa\u010dnosti.<\/p>\n<p><strong>Priprema ove Izjave o pristupa\u010dnosti:<\/strong><\/p>\n<p>Ova Izjava o pristupa\u010dnosti mre\u017enih stranica sastavljena je dana \u200b____ rujna 2020\u200b. godine, prema Predlo\u0161ku Izjave o pristupa\u010dnosti koji je u skladu s \u200bDirektivom (EU) 2016\/2102 Europskog parlamenta i Vije\u0107a o pristupa\u010dnosti internetskih stranica i mobilnih aplikacija tijela javnog sektora\u200b, a propisan je \u200bProvedbenom odlukom KOMISIJE (EU) 2018\/1523 od 11. listopada 2018. o utvr\u0111ivanju predlo\u0161ka izjave o pristupa\u010dnosti u skladu s Direktivom (EU) 2016\/2102 Europskog parlamenta i Vije\u0107a o pristupa\u010dnosti internetskih stranica i mobilnih aplikacija tijela javnog sektora\u200b. Procjena uskla\u0111enosti sa zahtjevima pristupa\u010dnosti rezultat je samoprocjene Doma zdravlja Slavonski Brod.<\/p>\n<p>Izjava o pristupa\u010dnosti mre\u017enih stranica je zadnji put preispitana \u200b____. rujna 2020.<\/p>\n<p>Dom zdravlja Slavonski Brod \u0107e redovito a\u017eurirati ovu Izjavu po otklanjanju razloga zbog kojih su pojedini sadr\u017eaji mre\u017ene stranice Doma zdravlja Slavonski Brod prvotno bili nepristupa\u010dni.<\/p>\n<p><strong>Povratne informacije i podaci za kontakt:<\/strong><\/p>\n<p>Molimo korisnike ove mre\u017ene stranice ako primijete neuskla\u0111en sadr\u017eaj, a koji nije obuhva\u0107en ovom Izjavom o pristupa\u010dnosti mre\u017enih stranica, da o tome obavijeste Dom zdravlja Slavonski Brod.<\/p>\n<p>Sve upite vezane za pristupa\u010dnost mre\u017ene stranice Doma zdravlja Slavonski Brod na adresi: Dom zdravlja Slavonski Brod\u200b korisnici mogu poslati\/uputiti:<br \/>\n\u25cf po\u0161tom na adresu Borovska 7, 35000 Slavonski Brod<br \/>\n\u25cf na broj tel.: +385 (0)35 210-600 ili<br \/>\n\u25cf na e-mail: \u200bdzsb@dzsb.hr<\/p>\n<p>Dom zdravlja Slavonski Brod du\u017ean je na upit, obavijest ili zahtjev korisnika vezano uz osiguravanje pristupa\u010dnosti mre\u017enih stranica odgovoriti u roku od 15 dana od dana primitka obavijesti, odnosno zahtjeva ili korisnika u istom roku, uz detaljno obrazlo\u017eenje razloga koji zahtijevaju odgodu, obavijestiti o naknadnom roku u kojem \u0107e odgovoriti na korisnikovu obavijest ili zahtjev.<br \/>\nU skladu s uobi\u010dajenim poslovanjem \u200bDom zdravlja Slavonski Brod nastojat \u0107e odgovore na upite korisnika mre\u017ene stranice obraditi u \u0161to je to mogu\u0107e kra\u0107em roku, a unutar \u200bZakonom predvi\u0111enog roka.<\/p>\n<p><strong>Inspekcijski nadzor:<\/strong><\/p>\n<p>Tijelo nadle\u017eno za pra\u0107enje uskla\u0111enosti mre\u017enih stranica i programskih rje\u0161enja za pokretne ure\u0111aje Dom zdravlja Slavonski Brod sa zahtjevima pristupa\u010dnosti i nadzor nad provedbom \u200bZakona\u200b je Povjerenik za informiranje.<\/p>\n<p>U slu\u010daju nezadovoljavaju\u0107ih odgovora na obavijest ili zahtjev za povratne informacije o pristupa\u010dnosti ove mre\u017ene stranice \u200bDom zdravlja Slavonski Brod , korisnici se mogu obratiti Povjereniku za informiranje \u200bna broj tel.: \u200b+385 (0)\u200b1 2099 120 ili putem elektroni\u010dke po\u0161te: ppi@pristupinfo.hr\u200b.<br \/>\nMre\u017ena stranica Povjerenika za informiranje: \u200bhttps:\/\/pristupinfo.hr\/\u200b.<\/p>\n<\/div><div class=\"bt_bb_separator bt_bb_border_style_none bt_bb_top_spacing_medium\" data-bt-override-class=\"null\"><\/div><div class=\"bt_bb_button bt_bb_icon_position_left bt_bb_style_outline bt_bb_size_normal bt_bb_width_inline bt_bb_shape_inherit bt_bb_target_blank bt_bb_align_inherit btWithIcon\" data-bt-override-class=\"{&quot;bt_bb_size_&quot;:{&quot;current_class&quot;:&quot;bt_bb_size_normal&quot;,&quot;xxl&quot;:&quot;normal&quot;,&quot;xl&quot;:&quot;normal&quot;},&quot;bt_bb_align_&quot;:{&quot;current_class&quot;:&quot;bt_bb_align_inherit&quot;,&quot;xxl&quot;:&quot;inherit&quot;,&quot;xl&quot;:&quot;inherit&quot;}}\"><a href=\"http:\/\/dzsb.hr\/web\/wp-content\/uploads\/dzsb-Izjava_o_pristupacnosti.pdf\" target=\"_blank\" class=\"bt_bb_link\" title=\"Preuzmite izjavu o pristupa\u010dnosti mre\u017enih stranica\"><span class=\"bt_bb_button_text\" >Preuzmite izjavu o pristupa\u010dnosti mre\u017enih stranica<\/span><span  data-ico-fontawesome=\"&#xf019;\" class=\"bt_bb_icon_holder\"><\/span><\/a><\/div><div class=\"bt_bb_separator bt_bb_border_style_none bt_bb_top_spacing_medium\" data-bt-override-class=\"null\"><\/div><\/div><\/div><\/div><\/div><\/div><\/div><!-- cell_inner --><\/div><!-- cell --><\/div><!-- port --><\/section>","protected":false},"excerpt":{"rendered":"","protected":false},"author":1,"featured_media":12,"parent":0,"menu_order":0,"comment_status":"closed","ping_status":"closed","template":"","meta":{"footnotes":""},"_links":{"self":[{"href":"https:\/\/dzsb.hr\/web\/wp-json\/wp\/v2\/pages\/3112"}],"collection":[{"href":"https:\/\/dzsb.hr\/web\/wp-json\/wp\/v2\/pages"}],"about":[{"href":"https:\/\/dzsb.hr\/web\/wp-json\/wp\/v2\/types\/page"}],"author":[{"embeddable":true,"href":"https:\/\/dzsb.hr\/web\/wp-json\/wp\/v2\/users\/1"}],"replies":[{"embeddable":true,"href":"https:\/\/dzsb.hr\/web\/wp-json\/wp\/v2\/comments?post=3112"}],"version-history":[{"count":2,"href":"https:\/\/dzsb.hr\/web\/wp-json\/wp\/v2\/pages\/3112\/revisions"}],"predecessor-version":[{"id":3114,"href":"https:\/\/dzsb.hr\/web\/wp-json\/wp\/v2\/pages\/3112\/revisions\/3114"}],"wp:featuredmedia":[{"embeddable":true,"href":"https:\/\/dzsb.hr\/web\/wp-json\/wp\/v2\/media\/12"}],"wp:attachment":[{"href":"https:\/\/dzsb.hr\/web\/wp-json\/wp\/v2\/media?parent=3112"}],"curies":[{"name":"wp","href":"https:\/\/api.w.org\/{rel}","templated":true}]}}