{"id":3959,"date":"2022-11-10T05:28:07","date_gmt":"2022-11-10T04:28:07","guid":{"rendered":"http:\/\/dzsb.hr\/web\/?page_id=3959"},"modified":"2022-11-10T05:31:31","modified_gmt":"2022-11-10T04:31:31","slug":"dezurna-ambulanta","status":"publish","type":"page","link":"https:\/\/dzsb.hr\/web\/dezurna-ambulanta\/","title":{"rendered":"De\u017eurna ambulanta"},"content":{"rendered":"<section id=\"bt_bb_section69e1dff4259bc\" class=\"bt_bb_section bt_bb_layout_boxed_1200\"  data-bt-override-class=\"null\"><div class=\"bt_bb_port\"><div class=\"bt_bb_cell\"><div class=\"bt_bb_cell_inner\"><div class=\"bt_bb_row_wrapper\"><div  class=\"bt_bb_row\"  data-bt-override-class=\"{}\"><div  class=\"bt_bb_column col-xxl-12 col-xl-12 col-xs-12 col-sm-12 col-md-12 col-lg-12 bt_bb_vertical_align_top bt_bb_align_left bt_bb_padding_normal\"  data-width=\"12\" data-bt-override-class=\"{}\"><div class=\"bt_bb_column_content\"><div class=\"bt_bb_column_content_inner\"><\/div><\/div><\/div><\/div><\/div><\/div><!-- cell_inner --><\/div><!-- cell --><\/div><!-- port --><\/section><section id=\"bt_bb_section69e1dff425ba9\" class=\"bt_bb_section bt_bb_color_scheme_8 bt_bb_layout_wide bt_bb_vertical_align_top bt_bb_top_spacing_medium bt_bb_bottom_spacing_medium\" style=\"; --section-primary-color:var(--alternate-color); --section-secondary-color:#ffffff;\" data-bt-override-class=\"null\"><div class=\"bt_bb_port\"><div class=\"bt_bb_cell\"><div class=\"bt_bb_cell_inner\"><div class=\"bt_bb_row_wrapper bt_bb_row_width_boxed_1200\"><div  class=\"bt_bb_row\"  data-bt-override-class=\"{}\"><div  class=\"bt_bb_column col-xxl-12 col-xl-12 col-xs-12 col-sm-12 col-md-12 col-lg-12 bt_bb_vertical_align_middle bt_bb_align_left bt_bb_padding_normal bt_bb_animation_fade_in animate\"  data-width=\"12\" data-bt-override-class=\"{&quot;bt_bb_align_&quot;:{&quot;current_class&quot;:&quot;bt_bb_align_left&quot;,&quot;xxl&quot;:&quot;left&quot;,&quot;xl&quot;:&quot;left&quot;}}\"><div class=\"bt_bb_column_content\"><div class=\"bt_bb_column_content_inner\"><header class=\"bt_bb_headline bt_bb_color_scheme_12 bt_bb_dash_none bt_bb_subheadline bt_bb_size_large bt_bb_align_inherit\" style=\"; --primary-color:var(--alternate-color); --secondary-color:var(--accent-color);\" data-bt-override-class=\"{&quot;bt_bb_size_&quot;:{&quot;current_class&quot;:&quot;bt_bb_size_large&quot;,&quot;xxl&quot;:&quot;large&quot;,&quot;xl&quot;:&quot;large&quot;},&quot;bt_bb_align_&quot;:{&quot;current_class&quot;:&quot;bt_bb_align_inherit&quot;,&quot;xxl&quot;:&quot;inherit&quot;,&quot;xl&quot;:&quot;inherit&quot;}}\"><h2 class=\"bt_bb_headline_tag\"><span class=\"bt_bb_headline_content\"><span>Obavijest o uvo\u0111enju <b>posebnog de\u017eurstva<\/b> <\/span><\/span><\/h2><div class=\"bt_bb_headline_subheadline\">u djelatnosti op\u0107e\/obiteljske medicine<\/div><\/header><div class=\"bt_bb_separator bt_bb_border_style_none bt_bb_bottom_spacing_normal\" data-bt-override-class=\"null\"><\/div><div class=\"bt_bb_row_wrapper\"><div  class=\"bt_bb_row_inner\"  data-bt-override-class=\"{}\"><div  class=\"bt_bb_column_inner col-xxl-6 col-xl-6 col-xs-12 col-sm-6 col-md-6 col-lg-6 bt_bb_align_left bt_bb_vertical_align_top\"  data-width=\"6\" data-bt-override-class=\"{}\"><div class=\"bt_bb_column_inner_content\"><div  class=\"bt_bb_text\" ><p>Temeljem Odluke \u017dupana Brodsko-posavske \u017dupanije o uvo\u0111enju posebnog de\u017eurstva u djelatnosti op\u0107e (obiteljske) medicine, a radi pru\u017eanja zdravstvene za\u0161tite na primarnoj razini osiguranicima subotom, nedjeljom i blagdanima, Dom zdravlja Slavonski Brod od dana 01. prosinca 2017, godine organizira posebno de\u017eurstvo u ordinaciji op\u0107e (obiteljske) medicine u Domu zdravlja Slavonski Brod na adresi Borovska 7, Slavonski Brod.<\/p>\n<\/div><div class=\"bt_bb_separator bt_bb_border_style_none bt_bb_bottom_spacing_normal\" data-bt-override-class=\"null\"><\/div><header class=\"bt_bb_headline bt_bb_dash_none bt_bb_superheadline bt_bb_superheadline_outside bt_bb_subheadline bt_bb_size_extrasmall bt_bb_align_inherit\" data-bt-override-class=\"{&quot;bt_bb_size_&quot;:{&quot;current_class&quot;:&quot;bt_bb_size_extrasmall&quot;,&quot;xxl&quot;:&quot;extrasmall&quot;,&quot;xl&quot;:&quot;extrasmall&quot;},&quot;bt_bb_align_&quot;:{&quot;current_class&quot;:&quot;bt_bb_align_inherit&quot;,&quot;xxl&quot;:&quot;inherit&quot;,&quot;xl&quot;:&quot;inherit&quot;}}\"><div class=\"bt_bb_headline_superheadline_outside\"><span class=\"bt_bb_headline_superheadline\">S po\u0161tovanjem,<\/span><\/div><h6 class=\"bt_bb_headline_tag\"><span class=\"bt_bb_headline_content\"><span>Lidija Gr\u010di\u0107, dipl.iur.<\/span><\/span><\/h6><div class=\"bt_bb_headline_subheadline\">Ravnateljica<\/div><\/header><div  class=\"bt_bb_text\" ><p>RAVNATELJICA<\/p>\n<\/div><div class=\"bt_bb_separator bt_bb_border_style_none bt_bb_bottom_spacing_normal\" data-bt-override-class=\"null\"><\/div><\/div><\/div><div  class=\"bt_bb_column_inner col-xxl-6 col-xl-6 col-xs-12 col-sm-6 col-md-6 col-lg-6 bt_bb_align_left bt_bb_vertical_align_top\"  data-width=\"6\" data-bt-override-class=\"{}\"><div class=\"bt_bb_column_inner_content\"><div  class=\"bt_bb_text\" ><p>Posebno de\u017eurstvo u djelatnosti op\u0107e (obiteljske) medicine obavljati \u0107e se u Domu zdravlja Slavonski Brod, Borovska 7, I kat, ordinacija op\u0107e (obiteljske) medicine prema slijede\u0107em rasporedu:<\/p>\n<ul>\n<li>subota u vremenu od 15,00 &#8211; 20,00 sati<\/li>\n<li>nedjelja u vremenu od 08,00 &#8211; 20,00 sati<\/li>\n<li>blagdan u vremenu od 08,00 &#8211; 20,00 sati.<\/li>\n<li>broj telefona de\u017eurne ambulante 035 210 646<\/li>\n<\/ul>\n<\/div><div class=\"bt_bb_separator bt_bb_border_style_none bt_bb_bottom_spacing_normal\" data-bt-override-class=\"null\"><\/div><\/div><\/div><\/div><\/div><\/div><\/div><\/div><\/div><\/div><\/div><!-- cell_inner --><\/div><!-- cell --><\/div><!-- port --><\/section><section id=\"bt_bb_section69e1dff426695\" class=\"bt_bb_section bt_bb_layout_boxed_1200\"  data-bt-override-class=\"null\"><div class=\"bt_bb_port\"><div class=\"bt_bb_cell\"><div class=\"bt_bb_cell_inner\"><div class=\"bt_bb_row_wrapper\"><div  class=\"bt_bb_row\"  data-bt-override-class=\"{}\"><div  class=\"bt_bb_column col-xxl-12 col-xl-12 col-xs-12 col-sm-12 col-md-12 col-lg-12 bt_bb_vertical_align_top bt_bb_align_left bt_bb_padding_normal\"  data-width=\"12\" data-bt-override-class=\"{}\"><div class=\"bt_bb_column_content\"><div class=\"bt_bb_column_content_inner\"><\/div><\/div><\/div><\/div><\/div><\/div><!-- cell_inner --><\/div><!-- cell --><\/div><!-- port --><\/section>","protected":false},"excerpt":{"rendered":"","protected":false},"author":1,"featured_media":3337,"parent":0,"menu_order":0,"comment_status":"closed","ping_status":"closed","template":"","meta":{"footnotes":""},"_links":{"self":[{"href":"https:\/\/dzsb.hr\/web\/wp-json\/wp\/v2\/pages\/3959"}],"collection":[{"href":"https:\/\/dzsb.hr\/web\/wp-json\/wp\/v2\/pages"}],"about":[{"href":"https:\/\/dzsb.hr\/web\/wp-json\/wp\/v2\/types\/page"}],"author":[{"embeddable":true,"href":"https:\/\/dzsb.hr\/web\/wp-json\/wp\/v2\/users\/1"}],"replies":[{"embeddable":true,"href":"https:\/\/dzsb.hr\/web\/wp-json\/wp\/v2\/comments?post=3959"}],"version-history":[{"count":5,"href":"https:\/\/dzsb.hr\/web\/wp-json\/wp\/v2\/pages\/3959\/revisions"}],"predecessor-version":[{"id":3964,"href":"https:\/\/dzsb.hr\/web\/wp-json\/wp\/v2\/pages\/3959\/revisions\/3964"}],"wp:featuredmedia":[{"embeddable":true,"href":"https:\/\/dzsb.hr\/web\/wp-json\/wp\/v2\/media\/3337"}],"wp:attachment":[{"href":"https:\/\/dzsb.hr\/web\/wp-json\/wp\/v2\/media?parent=3959"}],"curies":[{"name":"wp","href":"https:\/\/api.w.org\/{rel}","templated":true}]}}