{"id":3966,"date":"2022-11-10T05:38:10","date_gmt":"2022-11-10T04:38:10","guid":{"rendered":"http:\/\/dzsb.hr\/web\/?page_id=3966"},"modified":"2022-11-10T05:42:11","modified_gmt":"2022-11-10T04:42:11","slug":"koronavirus","status":"publish","type":"page","link":"https:\/\/dzsb.hr\/web\/koronavirus\/","title":{"rendered":"Koronavirus Covid-19"},"content":{"rendered":"<section id=\"bt_bb_section6a05a947c200d\" class=\"bt_bb_section bt_bb_layout_boxed_1200\"  data-bt-override-class=\"null\"><div class=\"bt_bb_port\"><div class=\"bt_bb_cell\"><div class=\"bt_bb_cell_inner\"><div class=\"bt_bb_row_wrapper\"><div  class=\"bt_bb_row\"  data-bt-override-class=\"{}\"><div  class=\"bt_bb_column col-xxl-12 col-xl-12 col-xs-12 col-sm-12 col-md-12 col-lg-12 bt_bb_vertical_align_top bt_bb_align_left bt_bb_padding_normal\"  data-width=\"12\" data-bt-override-class=\"{}\"><div class=\"bt_bb_column_content\"><div class=\"bt_bb_column_content_inner\"><\/div><\/div><\/div><\/div><\/div><\/div><!-- cell_inner --><\/div><!-- cell --><\/div><!-- port --><\/section><section id=\"bt_bb_section6a05a947c21f1\" class=\"bt_bb_section bt_bb_color_scheme_8 bt_bb_layout_wide bt_bb_vertical_align_top bt_bb_top_spacing_medium bt_bb_bottom_spacing_medium\" style=\"; --section-primary-color:var(--alternate-color); --section-secondary-color:#ffffff;\" data-bt-override-class=\"null\"><div class=\"bt_bb_port\"><div class=\"bt_bb_cell\"><div class=\"bt_bb_cell_inner\"><div class=\"bt_bb_row_wrapper bt_bb_row_width_boxed_1200\"><div  class=\"bt_bb_row\"  data-bt-override-class=\"{}\"><div  class=\"bt_bb_column col-xxl-12 col-xl-12 col-xs-12 col-sm-12 col-md-12 col-lg-12 bt_bb_vertical_align_middle bt_bb_align_left bt_bb_padding_normal bt_bb_animation_fade_in animate\"  data-width=\"12\" data-bt-override-class=\"{&quot;bt_bb_align_&quot;:{&quot;current_class&quot;:&quot;bt_bb_align_left&quot;,&quot;xxl&quot;:&quot;left&quot;,&quot;xl&quot;:&quot;left&quot;}}\"><div class=\"bt_bb_column_content\"><div class=\"bt_bb_column_content_inner\"><header class=\"bt_bb_headline bt_bb_color_scheme_12 bt_bb_dash_none bt_bb_subheadline bt_bb_size_large bt_bb_align_inherit\" style=\"; --primary-color:var(--alternate-color); --secondary-color:var(--accent-color);\" data-bt-override-class=\"{&quot;bt_bb_size_&quot;:{&quot;current_class&quot;:&quot;bt_bb_size_large&quot;,&quot;xxl&quot;:&quot;large&quot;,&quot;xl&quot;:&quot;large&quot;},&quot;bt_bb_align_&quot;:{&quot;current_class&quot;:&quot;bt_bb_align_inherit&quot;,&quot;xxl&quot;:&quot;inherit&quot;,&quot;xl&quot;:&quot;inherit&quot;}}\"><h2 class=\"bt_bb_headline_tag\"><span class=\"bt_bb_headline_content\"><span>Informacije o <b>koronavirusu<\/b> Covid-19<\/span><\/span><\/h2><div class=\"bt_bb_headline_subheadline\">Preporuke za o\u010duvanje zdravlja<\/div><\/header><div class=\"bt_bb_separator bt_bb_border_style_none bt_bb_bottom_spacing_normal\" data-bt-override-class=\"null\"><\/div><div class=\"bt_bb_row_wrapper\"><div  class=\"bt_bb_row_inner\"  data-bt-override-class=\"{}\"><div  class=\"bt_bb_column_inner col-xxl-12 col-xl-12 col-xs-12 col-sm-12 col-md-12 col-lg-12 bt_bb_align_left bt_bb_vertical_align_top\"  data-width=\"12\" data-bt-override-class=\"{}\"><div class=\"bt_bb_column_inner_content\"><div  class=\"bt_bb_text\" ><ul>\n<li><a href=\"https:\/\/www.hzjz.hr\/wp-content\/uploads\/2020\/03\/Stariji-i-ostali-osjetljivi-na-koronavirus-2.pdf\" target=\"_blank\" rel=\"noopener\">Preporuke za o\u010duvanje zdravlja osobama \u017eivotne dobi 60+ i osobama oboljelim od kroni\u010dnih bolesti<\/a><\/li>\n<li><a href=\"https:\/\/www.hzjz.hr\/wp-content\/uploads\/2020\/03\/COVID-19-i-dojenje_HR-2.pdf\" target=\"_blank\" rel=\"noopener\">COVID-19: PREPORUKE O DOJENJU<\/a><\/li>\n<li><a href=\"https:\/\/www.hzjz.hr\/wp-content\/uploads\/2020\/03\/letak_samoizolacija.pdf\" target=\"_blank\" rel=\"noopener\">Upute za samoizolaciju<\/a><\/li>\n<li><a href=\"https:\/\/www.hzjz.hr\/wp-content\/uploads\/2020\/03\/Stariji-i-kroni%C4%8Dni-Mjere-za%C5%A1tite-2.pdf\" target=\"_blank\" rel=\"noopener\">Mjere za\u0161tite od respiratornih infekcija uklju\u010duju\u0107i i SARS-CoV-2 \u2013 osobe s kroni\u010dnim bolestima, te starije osobe<\/a><\/li>\n<li><a href=\"https:\/\/www.hzjz.hr\/wp-content\/uploads\/2020\/02\/Naputak-zdr-ustanove-za-bolesnike-27-2-15h-1.pdf\" target=\"_blank\" rel=\"noopener\">Naputak za zdravstvene ustanove namijenjen bolesnicima i osobama u pratnji<\/a><\/li>\n<li><a href=\"https:\/\/www.hzjz.hr\/wp-content\/uploads\/2020\/03\/Pranje_ruku_.pdf\" target=\"_blank\" rel=\"noopener\">Pravilno pranje ruku<\/a><\/li>\n<li><a href=\"https:\/\/drive.google.com\/file\/d\/160N8udiXhv3YcN6DNGJ4tWxeJJkB6CB3\/view\" target=\"_blank\" rel=\"noopener\">Kako umanjiti rizik od zaraznih bolesti &#8211; video prilog<\/a><\/li>\n<li><a href=\"https:\/\/www.hzjz.hr\/sluzba-epidemiologija-zarazne-bolesti\/koronavirus-najnovije-preporuke\/\">Ostale preporuke Hrvatskog zavoda za javno zdravstvo vezane uz koronavirus<\/a><\/li>\n<\/ul>\n<\/div><div class=\"bt_bb_separator bt_bb_border_style_none bt_bb_bottom_spacing_normal\" data-bt-override-class=\"null\"><\/div><\/div><\/div><\/div><\/div><\/div><\/div><\/div><\/div><\/div><\/div><!-- cell_inner --><\/div><!-- cell --><\/div><!-- port --><\/section><section id=\"bt_bb_section6a05a947c2a0d\" class=\"bt_bb_section bt_bb_layout_boxed_1200 bt_bb_vertical_align_top bt_bb_top_spacing_small bt_bb_bottom_spacing_none\"  data-bt-override-class=\"{&quot;bt_bb_top_spacing_&quot;:{&quot;current_class&quot;:&quot;bt_bb_top_spacing_small&quot;,&quot;xxl&quot;:&quot;small&quot;,&quot;xl&quot;:&quot;small&quot;},&quot;bt_bb_bottom_spacing_&quot;:{&quot;current_class&quot;:&quot;bt_bb_bottom_spacing_none&quot;,&quot;xxl&quot;:&quot;none&quot;,&quot;xl&quot;:&quot;none&quot;}}\"><div class=\"bt_bb_port\"><div class=\"bt_bb_cell\"><div class=\"bt_bb_cell_inner\"><div class=\"bt_bb_row_wrapper\"><div  class=\"bt_bb_row\"  data-bt-override-class=\"{}\"><div  class=\"bt_bb_column col-xxl-12 col-xl-12 col-xs-12 col-sm-12 col-md-12 col-lg-12 bt_bb_vertical_align_top bt_bb_align_left bt_bb_padding_normal\"  data-width=\"12\" data-bt-override-class=\"{}\"><div class=\"bt_bb_column_content\"><div class=\"bt_bb_column_content_inner\"><div class=\"bt_bb_image bt_bb_shape_square bt_bb_target_self bt_bb_align_inherit bt_bb_hover_style_simple bt_bb_content_display_always bt_bb_content_align_middle\" data-bt-override-class=\"{&quot;bt_bb_align_&quot;:{&quot;current_class&quot;:&quot;bt_bb_align_inherit&quot;,&quot;xxl&quot;:&quot;inherit&quot;,&quot;xl&quot;:&quot;inherit&quot;}}\"><span><img loading=\"lazy\" decoding=\"async\" width=\"1280\" height=\"1829\" src=\"https:\/\/dzsb.hr\/web\/wp-content\/uploads\/Plakat_COVID-19.jpg\" class=\"attachment-full size-full\" alt=\"https:\/\/dzsb.hr\/web\/wp-content\/uploads\/Plakat_COVID-19.jpg\" data-full_image_src=\"https:\/\/dzsb.hr\/web\/wp-content\/uploads\/Plakat_COVID-19.jpg\" title=\"Plakat_COVID-19\" srcset=\"https:\/\/dzsb.hr\/web\/wp-content\/uploads\/Plakat_COVID-19.jpg 1280w, https:\/\/dzsb.hr\/web\/wp-content\/uploads\/Plakat_COVID-19-640x915.jpg 640w, https:\/\/dzsb.hr\/web\/wp-content\/uploads\/Plakat_COVID-19-768x1097.jpg 768w, https:\/\/dzsb.hr\/web\/wp-content\/uploads\/Plakat_COVID-19-1075x1536.jpg 1075w, https:\/\/dzsb.hr\/web\/wp-content\/uploads\/Plakat_COVID-19-320x457.jpg 320w\" sizes=\"(max-width: 1280px) 100vw, 1280px\" \/><\/span><\/div><\/div><\/div><\/div><\/div><\/div><\/div><!-- cell_inner --><\/div><!-- cell --><\/div><!-- port --><\/section><section id=\"bt_bb_section6a05a947c3075\" class=\"bt_bb_section bt_bb_layout_boxed_1200 bt_bb_vertical_align_top bt_bb_top_spacing_normal bt_bb_bottom_spacing_none\"  data-bt-override-class=\"{&quot;bt_bb_top_spacing_&quot;:{&quot;current_class&quot;:&quot;bt_bb_top_spacing_normal&quot;,&quot;xxl&quot;:&quot;normal&quot;,&quot;xl&quot;:&quot;normal&quot;},&quot;bt_bb_bottom_spacing_&quot;:{&quot;current_class&quot;:&quot;bt_bb_bottom_spacing_none&quot;,&quot;xxl&quot;:&quot;none&quot;,&quot;xl&quot;:&quot;none&quot;}}\"><div class=\"bt_bb_port\"><div class=\"bt_bb_cell\"><div class=\"bt_bb_cell_inner\"><div class=\"bt_bb_row_wrapper\"><div  class=\"bt_bb_row\"  data-bt-override-class=\"{}\"><div  class=\"bt_bb_column col-xxl-12 col-xl-12 col-xs-12 col-sm-12 col-md-12 col-lg-12 bt_bb_vertical_align_top bt_bb_align_left bt_bb_padding_normal\"  data-width=\"12\" data-bt-override-class=\"{}\"><div class=\"bt_bb_column_content\"><div class=\"bt_bb_column_content_inner\"><div class=\"bt_bb_image bt_bb_shape_square bt_bb_target_self bt_bb_align_inherit bt_bb_hover_style_simple bt_bb_content_display_always bt_bb_content_align_middle\" data-bt-override-class=\"{&quot;bt_bb_align_&quot;:{&quot;current_class&quot;:&quot;bt_bb_align_inherit&quot;,&quot;xxl&quot;:&quot;inherit&quot;,&quot;xl&quot;:&quot;inherit&quot;}}\"><span><img loading=\"lazy\" decoding=\"async\" width=\"1024\" height=\"1448\" src=\"https:\/\/dzsb.hr\/web\/wp-content\/uploads\/Pranje-ruku.jpg\" class=\"attachment-full size-full\" alt=\"https:\/\/dzsb.hr\/web\/wp-content\/uploads\/Pranje-ruku.jpg\" data-full_image_src=\"https:\/\/dzsb.hr\/web\/wp-content\/uploads\/Pranje-ruku.jpg\" title=\"pranje ruku 2017 - hr\" srcset=\"https:\/\/dzsb.hr\/web\/wp-content\/uploads\/Pranje-ruku.jpg 1024w, https:\/\/dzsb.hr\/web\/wp-content\/uploads\/Pranje-ruku-640x905.jpg 640w, https:\/\/dzsb.hr\/web\/wp-content\/uploads\/Pranje-ruku-768x1086.jpg 768w, https:\/\/dzsb.hr\/web\/wp-content\/uploads\/Pranje-ruku-320x453.jpg 320w\" sizes=\"(max-width: 1024px) 100vw, 1024px\" \/><\/span><\/div><\/div><\/div><\/div><\/div><\/div><\/div><!-- cell_inner --><\/div><!-- cell --><\/div><!-- port --><\/section><section id=\"bt_bb_section6a05a947c365b\" class=\"bt_bb_section bt_bb_layout_boxed_1200 bt_bb_vertical_align_top bt_bb_top_spacing_medium bt_bb_bottom_spacing_large\"  data-bt-override-class=\"{&quot;bt_bb_top_spacing_&quot;:{&quot;current_class&quot;:&quot;bt_bb_top_spacing_medium&quot;,&quot;xxl&quot;:&quot;medium&quot;,&quot;xl&quot;:&quot;medium&quot;},&quot;bt_bb_bottom_spacing_&quot;:{&quot;current_class&quot;:&quot;bt_bb_bottom_spacing_large&quot;,&quot;xxl&quot;:&quot;large&quot;,&quot;xl&quot;:&quot;large&quot;}}\"><div class=\"bt_bb_port\"><div class=\"bt_bb_cell\"><div class=\"bt_bb_cell_inner\"><div class=\"bt_bb_row_wrapper\"><div  class=\"bt_bb_row\"  data-bt-override-class=\"{}\"><div  class=\"bt_bb_column col-xxl-12 col-xl-12 col-xs-12 col-sm-12 col-md-12 col-lg-12 bt_bb_vertical_align_top bt_bb_align_left bt_bb_padding_normal\"  data-width=\"12\" data-bt-override-class=\"{}\"><div class=\"bt_bb_column_content\"><div class=\"bt_bb_column_content_inner\"><div class=\"bt_bb_video bt_bb_disable_controls_no\"><div class=\"bt-video-container\"><div style=\"width: 100%;\" class=\"wp-video\"><!--[if lt IE 9]><script>document.createElement('video');<\/script><![endif]-->\n<video class=\"wp-video-shortcode\" id=\"video-3966-1\" width=\"640\" height=\"360\" preload=\"metadata\" controls=\"controls\"><source type=\"video\/youtube\" src=\"https:\/\/www.youtube.com\/watch?v=fAv1ZTnqcXI&#038;_=1\" \/><a href=\"https:\/\/www.youtube.com\/watch?v=fAv1ZTnqcXI\">https:\/\/www.youtube.com\/watch?v=fAv1ZTnqcXI<\/a><\/video><\/div><\/div><\/div><\/div><\/div><\/div><\/div><\/div><\/div><!-- cell_inner --><\/div><!-- cell --><\/div><!-- port --><\/section>","protected":false},"excerpt":{"rendered":"","protected":false},"author":1,"featured_media":3337,"parent":0,"menu_order":0,"comment_status":"closed","ping_status":"closed","template":"","meta":{"footnotes":""},"_links":{"self":[{"href":"https:\/\/dzsb.hr\/web\/wp-json\/wp\/v2\/pages\/3966"}],"collection":[{"href":"https:\/\/dzsb.hr\/web\/wp-json\/wp\/v2\/pages"}],"about":[{"href":"https:\/\/dzsb.hr\/web\/wp-json\/wp\/v2\/types\/page"}],"author":[{"embeddable":true,"href":"https:\/\/dzsb.hr\/web\/wp-json\/wp\/v2\/users\/1"}],"replies":[{"embeddable":true,"href":"https:\/\/dzsb.hr\/web\/wp-json\/wp\/v2\/comments?post=3966"}],"version-history":[{"count":3,"href":"https:\/\/dzsb.hr\/web\/wp-json\/wp\/v2\/pages\/3966\/revisions"}],"predecessor-version":[{"id":3972,"href":"https:\/\/dzsb.hr\/web\/wp-json\/wp\/v2\/pages\/3966\/revisions\/3972"}],"wp:featuredmedia":[{"embeddable":true,"href":"https:\/\/dzsb.hr\/web\/wp-json\/wp\/v2\/media\/3337"}],"wp:attachment":[{"href":"https:\/\/dzsb.hr\/web\/wp-json\/wp\/v2\/media?parent=3966"}],"curies":[{"name":"wp","href":"https:\/\/api.w.org\/{rel}","templated":true}]}}