{"id":3973,"date":"2022-11-10T05:42:36","date_gmt":"2022-11-10T04:42:36","guid":{"rendered":"http:\/\/dzsb.hr\/web\/?page_id=3973"},"modified":"2024-03-01T21:55:30","modified_gmt":"2024-03-01T20:55:30","slug":"radne-subote1","status":"publish","type":"page","link":"https:\/\/dzsb.hr\/web\/radne-subote1\/","title":{"rendered":"Radne subote"},"content":{"rendered":"<section id=\"bt_bb_section69f2b1ec344d4\" class=\"bt_bb_section bt_bb_layout_boxed_1200\"  data-bt-override-class=\"null\"><div class=\"bt_bb_port\"><div class=\"bt_bb_cell\"><div class=\"bt_bb_cell_inner\"><div class=\"bt_bb_row_wrapper\"><div  class=\"bt_bb_row\"  data-bt-override-class=\"{}\"><div  class=\"bt_bb_column col-xxl-12 col-xl-12 col-xs-12 col-sm-12 col-md-12 col-lg-12 bt_bb_vertical_align_top bt_bb_align_left bt_bb_padding_normal\"  data-width=\"12\" data-bt-override-class=\"{}\"><div class=\"bt_bb_column_content\"><div class=\"bt_bb_column_content_inner\"><\/div><\/div><\/div><\/div><\/div><\/div><!-- cell_inner --><\/div><!-- cell --><\/div><!-- port --><\/section><section id=\"bt_bb_section69f2b1ec3477b\" class=\"bt_bb_section bt_bb_color_scheme_8 bt_bb_layout_wide bt_bb_vertical_align_top bt_bb_top_spacing_medium bt_bb_bottom_spacing_medium\" style=\"; --section-primary-color:var(--alternate-color); --section-secondary-color:#ffffff;\" data-bt-override-class=\"null\"><div class=\"bt_bb_port\"><div class=\"bt_bb_cell\"><div class=\"bt_bb_cell_inner\"><div class=\"bt_bb_row_wrapper bt_bb_row_width_boxed_1200\"><div  class=\"bt_bb_row\"  data-bt-override-class=\"{}\"><div  class=\"bt_bb_column col-xxl-12 col-xl-12 col-xs-12 col-sm-12 col-md-12 col-lg-12 bt_bb_vertical_align_middle bt_bb_align_left bt_bb_padding_normal bt_bb_animation_fade_in animate\"  data-width=\"12\" data-bt-override-class=\"{&quot;bt_bb_align_&quot;:{&quot;current_class&quot;:&quot;bt_bb_align_left&quot;,&quot;xxl&quot;:&quot;left&quot;,&quot;xl&quot;:&quot;left&quot;}}\"><div class=\"bt_bb_column_content\"><div class=\"bt_bb_column_content_inner\"><header class=\"bt_bb_headline bt_bb_color_scheme_12 bt_bb_dash_none bt_bb_subheadline bt_bb_size_large bt_bb_align_inherit\" style=\"; --primary-color:var(--alternate-color); --secondary-color:var(--accent-color);\" data-bt-override-class=\"{&quot;bt_bb_size_&quot;:{&quot;current_class&quot;:&quot;bt_bb_size_large&quot;,&quot;xxl&quot;:&quot;large&quot;,&quot;xl&quot;:&quot;large&quot;},&quot;bt_bb_align_&quot;:{&quot;current_class&quot;:&quot;bt_bb_align_inherit&quot;,&quot;xxl&quot;:&quot;inherit&quot;,&quot;xl&quot;:&quot;inherit&quot;}}\"><h2 class=\"bt_bb_headline_tag\"><span class=\"bt_bb_headline_content\"><span>Raspored radnih subota<\/span><\/span><\/h2><div class=\"bt_bb_headline_subheadline\">Radno vrijeme ordinacija subotom od 07.00 do 12.00 sati<\/div><\/header><div class=\"bt_bb_separator bt_bb_border_style_none bt_bb_bottom_spacing_normal\" data-bt-override-class=\"null\"><\/div><\/div><\/div><\/div><\/div><\/div><\/div><!-- cell_inner --><\/div><!-- cell --><\/div><!-- port --><\/section><section id=\"bt_bb_section69f2b1ec34b56\" class=\"bt_bb_section bt_bb_layout_boxed_1200 bt_bb_vertical_align_top bt_bb_top_spacing_small bt_bb_bottom_spacing_large\"  data-bt-override-class=\"{&quot;bt_bb_top_spacing_&quot;:{&quot;current_class&quot;:&quot;bt_bb_top_spacing_small&quot;,&quot;xxl&quot;:&quot;small&quot;,&quot;xl&quot;:&quot;small&quot;},&quot;bt_bb_bottom_spacing_&quot;:{&quot;current_class&quot;:&quot;bt_bb_bottom_spacing_large&quot;,&quot;xxl&quot;:&quot;large&quot;,&quot;xl&quot;:&quot;large&quot;}}\"><div class=\"bt_bb_port\"><div class=\"bt_bb_cell\"><div class=\"bt_bb_cell_inner\"><div class=\"bt_bb_row_wrapper\"><div  class=\"bt_bb_row\"  data-bt-override-class=\"{}\"><div  class=\"bt_bb_column col-xxl-12 col-xl-12 col-xs-12 col-sm-12 col-md-12 col-lg-12 bt_bb_vertical_align_top bt_bb_align_left bt_bb_padding_normal\"  data-width=\"12\" data-bt-override-class=\"{}\"><div class=\"bt_bb_column_content\"><div class=\"bt_bb_column_content_inner\"><header data-bb-version=\"4.7.0\" class=\"bt_bb_headline bt_bb_subheadline_text_transform_default bt_bb_dash_none bt_bb_size_inherit bt_bb_align_inherit\" data-bt-override-class=\"{&quot;bt_bb_size_&quot;:{&quot;current_class&quot;:&quot;bt_bb_size_inherit&quot;,&quot;xxl&quot;:&quot;inherit&quot;},&quot;bt_bb_align_&quot;:{&quot;current_class&quot;:&quot;bt_bb_align_inherit&quot;,&quot;xxl&quot;:&quot;inherit&quot;}}\"><h3 class=\"bt_bb_headline_tag\"><span class=\"bt_bb_headline_content\"><span>Prosinac 2023. GODINE<\/span><\/span><\/h3><\/header><div  class=\"bt_bb_text\" ><p><strong><u>SLU\u017dBA ZA DENTALNU MEDICINU<br \/>\nRASPORED RADA SUBOTOM- O\u017dUJAK 2024.<\/u><\/strong><\/p>\n<p><strong><u>\u00a0<\/u><\/strong><\/p>\n<p><strong><u>ZAPAD<\/u><\/strong><\/p>\n<table width=\"643\">\n<tbody>\n<tr>\n<td width=\"129\">02.03.2024.<\/td>\n<td width=\"253\">Podvinje<\/td>\n<td width=\"261\"><strong>Ivana Bile\u0161i\u0107-Maduna<\/strong><\/td>\n<\/tr>\n<tr>\n<td width=\"129\">09.03.2024.<\/td>\n<td width=\"253\">Sibinj<\/td>\n<td width=\"261\"><strong>Anica Kljaji\u0107-Majstori\u0107<\/strong><\/td>\n<\/tr>\n<tr>\n<td width=\"129\">16.03.2024.<\/td>\n<td width=\"253\">Oriovac<\/td>\n<td width=\"261\"><strong>Marija Pa\u0111en<\/strong><\/td>\n<\/tr>\n<tr>\n<td width=\"129\">23.03.2024.<\/td>\n<td width=\"253\">Oriovac<\/td>\n<td width=\"261\"><strong>Kristina \u010celebija<\/strong><\/td>\n<\/tr>\n<tr>\n<td width=\"129\">30.03.2024.<\/td>\n<td width=\"253\">Sibinj<\/td>\n<td width=\"261\"><strong>Ivan Lubina<\/strong><\/td>\n<\/tr>\n<\/tbody>\n<\/table>\n<p><strong><u>\u00a0<\/u><\/strong><\/p>\n<p><strong><u>\u00a0<\/u><\/strong><\/p>\n<p><strong><u>SLU\u017dBA ZA DENTALNU MEDICINU<\/u><\/strong><br \/>\n<strong><u>RASPORED RADA SUBOTOM- O\u017dUJAK 2024.<\/u><\/strong><\/p>\n<p><strong><u>\u00a0<\/u><\/strong><\/p>\n<p><strong><u>ZAPAD<\/u><\/strong><\/p>\n<table width=\"642\">\n<tbody>\n<tr>\n<td width=\"129\">02.03.2024.<\/td>\n<td width=\"253\">Podvinje<\/td>\n<td width=\"261\"><strong>Ivana Bile\u0161i\u0107-Maduna<\/strong><\/td>\n<\/tr>\n<tr>\n<td width=\"129\">09.03.2024.<\/td>\n<td width=\"253\">Sibinj<\/td>\n<td width=\"261\"><strong>Anica Kljaji\u0107-Majstori\u0107<\/strong><\/td>\n<\/tr>\n<tr>\n<td width=\"129\">16.03.2024.<\/td>\n<td width=\"253\">Oriovac<\/td>\n<td width=\"261\"><strong>Marija Pa\u0111en<\/strong><\/td>\n<\/tr>\n<tr>\n<td width=\"129\">23.03.2024.<\/td>\n<td width=\"253\">Oriovac<\/td>\n<td width=\"261\"><strong>Kristina \u010celebija<\/strong><\/td>\n<\/tr>\n<tr>\n<td width=\"129\">30.03.2024.<\/td>\n<td width=\"253\">Sibinj<\/td>\n<td width=\"261\"><strong>Ivan Lubina<\/strong><\/td>\n<\/tr>\n<\/tbody>\n<\/table>\n<table width=\"440\">\n<tbody>\n<tr>\n<td colspan=\"2\" width=\"440\">Raspored radnih subota za o\u017eujak 2024.<\/td>\n<\/tr>\n<tr>\n<td><\/td>\n<td><\/td>\n<\/tr>\n<tr>\n<td colspan=\"2\">Radno vrijeme : 7-12h<\/td>\n<\/tr>\n<tr>\n<td><\/td>\n<td><\/td>\n<\/tr>\n<tr>\n<td>Datum<\/td>\n<td>Ordinacija<\/td>\n<\/tr>\n<tr>\n<td>09.03.24<\/td>\n<td>dr. Damir Medari\u0107 &#8211; Ambulanta Slavonski \u0160amac<\/td>\n<\/tr>\n<tr>\n<td>16.03.24<\/td>\n<td>dr. Damir Medari\u0107 &#8211; Ambulanta Slavonski \u0160amac<\/td>\n<\/tr>\n<tr>\n<td>02.03.24<\/td>\n<td>TBN 9900098 &#8211; Ambulanta Naselje A.Hebranga<\/td>\n<\/tr>\n<tr>\n<td>16.03.24<\/td>\n<td>TBN 9900098 &#8211; Ambulanta Naselje A.Hebranga<\/td>\n<\/tr>\n<tr>\n<td>02.03.24<\/td>\n<td>dr. Dario Lon\u010dari\u0107 &#8211; Ambulanta Oriovac<\/td>\n<\/tr>\n<tr>\n<td>23.03.24<\/td>\n<td>dr. Dario Lon\u010dari\u0107 &#8211; Ambulanta Oriovac<\/td>\n<\/tr>\n<tr>\n<td>02.03.24<\/td>\n<td>dr. Ivana Agati\u0107 Ra\u0161kovi\u0107 (zamjena) &#8211; Ambulanta Borovska 7<\/td>\n<\/tr>\n<tr>\n<td>09.03.24<\/td>\n<td>dr. Ivana Agati\u0107 Ra\u0161kovi\u0107 (zamjena) &#8211; Ambulanta Borovska 7<\/td>\n<\/tr>\n<tr>\n<td>02.03.24<\/td>\n<td>TBN 9905073- Abulanta Sibinj, 108. brigade ZNG bb<\/td>\n<\/tr>\n<tr>\n<td>09.03.24<\/td>\n<td>TBN 9905073- Abulanta Sibinj, 108. brigade ZNG bb<\/td>\n<\/tr>\n<tr>\n<td>16.03.24<\/td>\n<td>dr. Ivan Jergovi\u0107 &#8211; Ambulanta Gar\u010din<\/td>\n<\/tr>\n<tr>\n<td>23.03.24<\/td>\n<td>dr. Ivan Jergovi\u0107 &#8211; Ambulanta Gar\u010din<\/td>\n<\/tr>\n<tr>\n<td>09.03.24<\/td>\n<td>dr. Ivana Mitrovi\u0107 &#8211; Ambulanta Donji Andrijevci<\/td>\n<\/tr>\n<tr>\n<td>23.03.24<\/td>\n<td>dr. Ivana Mitrovi\u0107 &#8211; Ambulanta Donji Andrijevci<\/td>\n<\/tr>\n<tr>\n<td>09.03.24<\/td>\n<td>dr. Josip \u0110ermi\u0107 (zamjena) &#8211; Ambulanta Sibinj<\/td>\n<\/tr>\n<tr>\n<td>16.03.24<\/td>\n<td>dr. Josip \u0110ermi\u0107 (zamjena) &#8211; Ambulanta Sibinj<\/td>\n<\/tr>\n<tr>\n<td>02.03.24<\/td>\n<td>dr. Magdalena Lovri\u0107 Hajdin &#8211; Ambulanta Vatrenka<\/td>\n<\/tr>\n<tr>\n<td>16.03.24<\/td>\n<td>dr. Magdalena Lovri\u0107 Hajdin &#8211; Ambulanta Vatrenka<\/td>\n<\/tr>\n<tr>\n<td>16.03.24<\/td>\n<td>dr. Marica Mary Kova\u010devi\u0107- Ambulanta Podvinje<\/td>\n<\/tr>\n<tr>\n<td>23.03.24<\/td>\n<td>dr. Marica Mary Kova\u010devi\u0107- Ambulanta Podvinje<\/td>\n<\/tr>\n<tr>\n<td>09.03.24<\/td>\n<td>dr. Ivan Kri\u017eanovi\u0107 &#8211; Ambulanta Podcrkavlje<\/td>\n<\/tr>\n<tr>\n<td>23.03.24<\/td>\n<td>dr. Ivan Kri\u017eanovi\u0107- Ambulanta Podcrkavlje<\/td>\n<\/tr>\n<tr>\n<td>02.03.24<\/td>\n<td>dr. Zrinka Mari\u0107 &#8211; Ambulanta Osje\u010dka 125<\/td>\n<\/tr>\n<tr>\n<td>09.03.24<\/td>\n<td>dr .Zrinka Mari\u0107- Ambulanta Osje\u010dka 125<\/td>\n<\/tr>\n<tr>\n<td>02.03.24<\/td>\n<td>dr. Mia Bili\u0107 (zamjena) &#8211; Ambulanta Borovska 7<\/td>\n<\/tr>\n<tr>\n<td>09.03.24<\/td>\n<td>dr. Mia Bili\u0107 (zamjena) &#8211; Ambulanta Borovska 7<\/td>\n<\/tr>\n<tr>\n<td>02.03.24<\/td>\n<td>dr. Marina Kova\u010devi\u0107- Ambulanta Borovska 7<\/td>\n<\/tr>\n<tr>\n<td>09.03.24<\/td>\n<td>dr. Marina Kova\u010devi\u0107- Ambulanta Borovska 7<\/td>\n<\/tr>\n<tr>\n<td>09.03.24<\/td>\n<td>dr. Luka Ra\u0161kovi\u0107- Ambulanta Gornja Vrba<\/td>\n<\/tr>\n<tr>\n<td>23.03.24<\/td>\n<td>dr. Luka Ra\u0161kovi\u0107- Ambulanta Gornja Vrba<\/td>\n<\/tr>\n<tr>\n<td><\/td>\n<td><\/td>\n<\/tr>\n<tr>\n<td>09.03.24<\/td>\n<td>dr. Sun\u010dica \u010ci\u010di\u0107 &#8211; Ambulanta Borovska 7<\/td>\n<\/tr>\n<tr>\n<td>16.03.24<\/td>\n<td>dr. Sun\u010dica \u010ci\u010di\u0107 &#8211; Ambulanta Borovska 7<\/td>\n<\/tr>\n<tr>\n<td><\/td>\n<td><\/td>\n<\/tr>\n<tr>\n<td>02.03.24<\/td>\n<td>dr.Stjepan \u017dagar- Nikole Zrinskog 86<\/td>\n<\/tr>\n<tr>\n<td>16.03.24<\/td>\n<td>dr. Stjepan \u017dagar- Nikole Zrinskog 86<\/td>\n<\/tr>\n<tr>\n<td>9.3.2024<\/td>\n<td>TBN 9900128 &#8211; Ambulanta Borovska 7<\/td>\n<\/tr>\n<tr>\n<td>16.3.2024<\/td>\n<td>TBN 9900128 &#8211; Ambulanta Borovska 7<\/td>\n<\/tr>\n<tr>\n<td>2.3.2024<\/td>\n<td>TBN 9900454 &#8211; Ambulanta Borovska 7<\/td>\n<\/tr>\n<tr>\n<td>9.3.2024<\/td>\n<td>TBN 9900454 &#8211; Ambulanta Borovska 7<\/td>\n<\/tr>\n<\/tbody>\n<\/table>\n<\/div><\/div><\/div><\/div><\/div><\/div><\/div><!-- cell_inner --><\/div><!-- cell --><\/div><!-- port --><\/section><section id=\"bt_bb_section69f2b1ec35b83\" class=\"bt_bb_section bt_bb_layout_boxed_1200\"  data-bt-override-class=\"null\"><div class=\"bt_bb_port\"><div class=\"bt_bb_cell\"><div class=\"bt_bb_cell_inner\"><\/div><!-- cell_inner --><\/div><!-- cell --><\/div><!-- port --><\/section>","protected":false},"excerpt":{"rendered":"","protected":false},"author":1,"featured_media":3337,"parent":0,"menu_order":0,"comment_status":"closed","ping_status":"closed","template":"","meta":{"footnotes":""},"_links":{"self":[{"href":"https:\/\/dzsb.hr\/web\/wp-json\/wp\/v2\/pages\/3973"}],"collection":[{"href":"https:\/\/dzsb.hr\/web\/wp-json\/wp\/v2\/pages"}],"about":[{"href":"https:\/\/dzsb.hr\/web\/wp-json\/wp\/v2\/types\/page"}],"author":[{"embeddable":true,"href":"https:\/\/dzsb.hr\/web\/wp-json\/wp\/v2\/users\/1"}],"replies":[{"embeddable":true,"href":"https:\/\/dzsb.hr\/web\/wp-json\/wp\/v2\/comments?post=3973"}],"version-history":[{"count":24,"href":"https:\/\/dzsb.hr\/web\/wp-json\/wp\/v2\/pages\/3973\/revisions"}],"predecessor-version":[{"id":5388,"href":"https:\/\/dzsb.hr\/web\/wp-json\/wp\/v2\/pages\/3973\/revisions\/5388"}],"wp:featuredmedia":[{"embeddable":true,"href":"https:\/\/dzsb.hr\/web\/wp-json\/wp\/v2\/media\/3337"}],"wp:attachment":[{"href":"https:\/\/dzsb.hr\/web\/wp-json\/wp\/v2\/media?parent=3973"}],"curies":[{"name":"wp","href":"https:\/\/api.w.org\/{rel}","templated":true}]}}